{"id":1162,"date":"2023-09-01T15:35:20","date_gmt":"2023-09-01T15:35:20","guid":{"rendered":"https:\/\/shejla-design.de\/?page_id=1162"},"modified":"2023-09-06T13:55:31","modified_gmt":"2023-09-06T13:55:31","slug":"impressum","status":"publish","type":"page","link":"https:\/\/shejla-design.de\/?page_id=1162","title":{"rendered":"Impressum"},"content":{"rendered":"\t\t<div data-elementor-type=\"wp-page\" data-elementor-id=\"1162\" class=\"elementor elementor-1162\" data-elementor-post-type=\"page\">\n\t\t\t\t\t\t<section class=\"elementor-section elementor-top-section elementor-element elementor-element-699941d elementor-section-boxed elementor-section-height-default elementor-section-height-default\" data-id=\"699941d\" data-element_type=\"section\">\n\t\t\t\t\t\t<div class=\"elementor-container elementor-column-gap-default\">\n\t\t\t\t\t<div class=\"elementor-column elementor-col-100 elementor-top-column elementor-element elementor-element-9009dea\" data-id=\"9009dea\" data-element_type=\"column\">\n\t\t\t<div class=\"elementor-widget-wrap elementor-element-populated\">\n\t\t\t\t\t\t<div class=\"elementor-element elementor-element-9742b23 elementor-widget elementor-widget-text-editor\" data-id=\"9742b23\" data-element_type=\"widget\" data-widget_type=\"text-editor.default\">\n\t\t\t\t<div class=\"elementor-widget-container\">\n\t\t\t<style>\/*! elementor - v3.19.0 - 28-02-2024 *\/\n.elementor-widget-text-editor.elementor-drop-cap-view-stacked .elementor-drop-cap{background-color:#69727d;color:#fff}.elementor-widget-text-editor.elementor-drop-cap-view-framed .elementor-drop-cap{color:#69727d;border:3px solid;background-color:transparent}.elementor-widget-text-editor:not(.elementor-drop-cap-view-default) .elementor-drop-cap{margin-top:8px}.elementor-widget-text-editor:not(.elementor-drop-cap-view-default) .elementor-drop-cap-letter{width:1em;height:1em}.elementor-widget-text-editor .elementor-drop-cap{float:left;text-align:center;line-height:1;font-size:50px}.elementor-widget-text-editor .elementor-drop-cap-letter{display:inline-block}<\/style>\t\t\t\t<h1>Impressum<\/h1><h2 id=\"m46\">Diensteanbieter<\/h2><p>Shejla Saric<\/p><p>Wikingstra\u00dfe 5a<\/p><p>21129<\/p><p>Deutschland<\/p><h2 id=\"m56\">Kontaktm\u00f6glichkeiten<\/h2><p>\n\n\n\n\n\n\nE-Mail-Adresse: <\/p><p>hallo@shejla-design.de<\/p><h2 id=\"m172\">Social Media und andere Onlinepr\u00e4senzen<\/h2><p>\n\nDieses Impressum gilt auch f\u00fcr die folgenden Social-Media-Pr\u00e4senzen und Onlineprofile: <\/p><p><a href=\"https:\/\/www.instagram.com\/shejladesign\/?next=%2F\" target=\"_blank\">https:\/\/www.instagram.com\/shejladesign\/?next=%2F<\/a><\/p><p><a href=\"https:\/\/www.linkedin.com\/in\/shejla-saric-aa513b27a\/\" target=\"_blank\">https:\/\/www.linkedin.com\/in\/shejla-saric-aa513b27a\/<\/a><\/p><p>\n\n\n<\/p><p class=\"seal\"><a href=\"https:\/\/datenschutz-generator.de\/\" title=\"Rechtstext von Dr. Schwenke - f\u00fcr weitere Informationen bitte anklicken.\" target=\"_blank\" rel=\"noopener noreferrer nofollow\">Erstellt mit kostenlosem Datenschutz-Generator.de von Dr. Thomas Schwenke<\/a><\/p>\t\t\t\t\t\t<\/div>\n\t\t\t\t<\/div>\n\t\t\t\t\t<\/div>\n\t\t<\/div>\n\t\t\t\t\t<\/div>\n\t\t<\/section>\n\t\t\t\t<\/div>\n\t\t","protected":false},"excerpt":{"rendered":"<p>Impressum Diensteanbieter Shejla Saric Wikingstra\u00dfe 5a 21129 Deutschland Kontaktm\u00f6glichkeiten E-Mail-Adresse: hallo@shejla-design.de Social Media und andere Onlinepr\u00e4senzen Dieses Impressum gilt auch f\u00fcr die folgenden Social-Media-Pr\u00e4senzen und Onlineprofile: https:\/\/www.instagram.com\/shejladesign\/?next=%2F https:\/\/www.linkedin.com\/in\/shejla-saric-aa513b27a\/ Erstellt mit kostenlosem Datenschutz-Generator.de von Dr. Thomas Schwenke<\/p>\n","protected":false},"author":1,"featured_media":0,"parent":0,"menu_order":0,"comment_status":"closed","ping_status":"closed","template":"","meta":{"footnotes":""},"class_list":["post-1162","page","type-page","status-publish","hentry"],"_links":{"self":[{"href":"https:\/\/shejla-design.de\/index.php?rest_route=\/wp\/v2\/pages\/1162","targetHints":{"allow":["GET"]}}],"collection":[{"href":"https:\/\/shejla-design.de\/index.php?rest_route=\/wp\/v2\/pages"}],"about":[{"href":"https:\/\/shejla-design.de\/index.php?rest_route=\/wp\/v2\/types\/page"}],"author":[{"embeddable":true,"href":"https:\/\/shejla-design.de\/index.php?rest_route=\/wp\/v2\/users\/1"}],"replies":[{"embeddable":true,"href":"https:\/\/shejla-design.de\/index.php?rest_route=%2Fwp%2Fv2%2Fcomments&post=1162"}],"version-history":[{"count":7,"href":"https:\/\/shejla-design.de\/index.php?rest_route=\/wp\/v2\/pages\/1162\/revisions"}],"predecessor-version":[{"id":1205,"href":"https:\/\/shejla-design.de\/index.php?rest_route=\/wp\/v2\/pages\/1162\/revisions\/1205"}],"wp:attachment":[{"href":"https:\/\/shejla-design.de\/index.php?rest_route=%2Fwp%2Fv2%2Fmedia&parent=1162"}],"curies":[{"name":"wp","href":"https:\/\/api.w.org\/{rel}","templated":true}]}}