{"id":736,"date":"2023-08-20T13:26:20","date_gmt":"2023-08-20T13:26:20","guid":{"rendered":"https:\/\/shejla-design.de\/?page_id=736"},"modified":"2023-09-01T16:08:55","modified_gmt":"2023-09-01T16:08:55","slug":"kampagne-und-branding","status":"publish","type":"page","link":"https:\/\/shejla-design.de\/?page_id=736","title":{"rendered":"Kampagne und Branding"},"content":{"rendered":"\t\t<div data-elementor-type=\"wp-page\" data-elementor-id=\"736\" class=\"elementor elementor-736\" data-elementor-post-type=\"page\">\n\t\t\t\t\t\t<section class=\"elementor-section elementor-top-section elementor-element elementor-element-481022c elementor-section-boxed elementor-section-height-default elementor-section-height-default\" data-id=\"481022c\" data-element_type=\"section\" data-settings=\"{&quot;background_background&quot;:&quot;classic&quot;}\">\n\t\t\t\t\t\t<div class=\"elementor-container elementor-column-gap-default\">\n\t\t\t\t\t<div class=\"elementor-column elementor-col-100 elementor-top-column elementor-element elementor-element-d5e042b\" data-id=\"d5e042b\" data-element_type=\"column\">\n\t\t\t<div class=\"elementor-widget-wrap elementor-element-populated\">\n\t\t\t\t\t\t<div class=\"elementor-element elementor-element-5db19a4 elementor-widget elementor-widget-heading\" data-id=\"5db19a4\" data-element_type=\"widget\" data-widget_type=\"heading.default\">\n\t\t\t\t<div class=\"elementor-widget-container\">\n\t\t\t<style>\/*! elementor - v3.19.0 - 28-02-2024 *\/\n.elementor-heading-title{padding:0;margin:0;line-height:1}.elementor-widget-heading .elementor-heading-title[class*=elementor-size-]>a{color:inherit;font-size:inherit;line-height:inherit}.elementor-widget-heading .elementor-heading-title.elementor-size-small{font-size:15px}.elementor-widget-heading .elementor-heading-title.elementor-size-medium{font-size:19px}.elementor-widget-heading .elementor-heading-title.elementor-size-large{font-size:29px}.elementor-widget-heading .elementor-heading-title.elementor-size-xl{font-size:39px}.elementor-widget-heading .elementor-heading-title.elementor-size-xxl{font-size:59px}<\/style><h2 class=\"elementor-heading-title elementor-size-default\">Das junge Theater & Festival<\/h2>\t\t<\/div>\n\t\t\t\t<\/div>\n\t\t\t\t<div class=\"elementor-element elementor-element-980b35f elementor-widget elementor-widget-text-editor\" data-id=\"980b35f\" data-element_type=\"widget\" data-widget_type=\"text-editor.default\">\n\t\t\t\t<div class=\"elementor-widget-container\">\n\t\t\t<style>\/*! elementor - v3.19.0 - 28-02-2024 *\/\n.elementor-widget-text-editor.elementor-drop-cap-view-stacked .elementor-drop-cap{background-color:#69727d;color:#fff}.elementor-widget-text-editor.elementor-drop-cap-view-framed .elementor-drop-cap{color:#69727d;border:3px solid;background-color:transparent}.elementor-widget-text-editor:not(.elementor-drop-cap-view-default) .elementor-drop-cap{margin-top:8px}.elementor-widget-text-editor:not(.elementor-drop-cap-view-default) .elementor-drop-cap-letter{width:1em;height:1em}.elementor-widget-text-editor .elementor-drop-cap{float:left;text-align:center;line-height:1;font-size:50px}.elementor-widget-text-editor .elementor-drop-cap-letter{display:inline-block}<\/style>\t\t\t\t<p>In einer gro\u00dfen Gruppenarbeit wurde vieles f\u00fcr das Ernst Deutsch Theater entwickelt.<\/p><p>F\u00fcr das junge Theater, jedoch habe ich in einem drei Personen-Team (Melina Tiedemann, Annabell Puls und ich) kreativ getextet und die Plakatserie gestaltet. Die Animation-Reel habe ich auf After Effects animiert.<\/p>\t\t\t\t\t\t<\/div>\n\t\t\t\t<\/div>\n\t\t\t\t\t<\/div>\n\t\t<\/div>\n\t\t\t\t\t<\/div>\n\t\t<\/section>\n\t\t\t\t<section class=\"elementor-section elementor-top-section elementor-element elementor-element-19c08ba elementor-section-boxed elementor-section-height-default elementor-section-height-default\" data-id=\"19c08ba\" data-element_type=\"section\">\n\t\t\t\t\t\t<div class=\"elementor-container elementor-column-gap-default\">\n\t\t\t\t\t<div class=\"elementor-column elementor-col-100 elementor-top-column elementor-element elementor-element-cefb24d\" data-id=\"cefb24d\" data-element_type=\"column\">\n\t\t\t<div class=\"elementor-widget-wrap elementor-element-populated\">\n\t\t\t\t\t\t<div class=\"elementor-element elementor-element-c27c945 elementor-widget__width-initial elementor-widget elementor-widget-image\" data-id=\"c27c945\" data-element_type=\"widget\" data-widget_type=\"image.default\">\n\t\t\t\t<div class=\"elementor-widget-container\">\n\t\t\t<style>\/*! elementor - v3.19.0 - 28-02-2024 *\/\n.elementor-widget-image{text-align:center}.elementor-widget-image a{display:inline-block}.elementor-widget-image a img[src$=\".svg\"]{width:48px}.elementor-widget-image img{vertical-align:middle;display:inline-block}<\/style>\t\t\t\t\t\t\t<figure class=\"wp-caption\">\n\t\t\t\t\t\t\t\t\t\t\t<a href=\"http:\/\/shejla-design.de\/wp-content\/uploads\/2023\/08\/Saric_Shejla_EDT_junge_Theater-3.jpg\" data-elementor-open-lightbox=\"yes\" data-elementor-lightbox-title=\"Saric_Shejla_EDT_junge_Theater (3)\" data-e-action-hash=\"#elementor-action%3Aaction%3Dlightbox%26settings%3DeyJpZCI6NDcwLCJ1cmwiOiJodHRwczpcL1wvc2hlamxhLWRlc2lnbi5kZVwvd3AtY29udGVudFwvdXBsb2Fkc1wvMjAyM1wvMDhcL1NhcmljX1NoZWpsYV9FRFRfanVuZ2VfVGhlYXRlci0zLmpwZyJ9\">\n\t\t\t\t\t\t\t<img fetchpriority=\"high\" decoding=\"async\" width=\"1980\" height=\"1080\" src=\"https:\/\/shejla-design.de\/wp-content\/uploads\/2023\/08\/Saric_Shejla_EDT_junge_Theater-3.jpg\" class=\"attachment-full size-full wp-image-470\" alt=\"\" srcset=\"https:\/\/shejla-design.de\/wp-content\/uploads\/2023\/08\/Saric_Shejla_EDT_junge_Theater-3.jpg 1980w, https:\/\/shejla-design.de\/wp-content\/uploads\/2023\/08\/Saric_Shejla_EDT_junge_Theater-3-300x164.jpg 300w, https:\/\/shejla-design.de\/wp-content\/uploads\/2023\/08\/Saric_Shejla_EDT_junge_Theater-3-1024x559.jpg 1024w, https:\/\/shejla-design.de\/wp-content\/uploads\/2023\/08\/Saric_Shejla_EDT_junge_Theater-3-768x419.jpg 768w, https:\/\/shejla-design.de\/wp-content\/uploads\/2023\/08\/Saric_Shejla_EDT_junge_Theater-3-1536x838.jpg 1536w\" sizes=\"(max-width: 1980px) 100vw, 1980px\" \/>\t\t\t\t\t\t\t\t<\/a>\n\t\t\t\t\t\t\t\t\t\t\t<figcaption class=\"widget-image-caption wp-caption-text\">Motivationskampagne f\u00fcr junge Menschen die gerne Theater machen<\/figcaption>\n\t\t\t\t\t\t\t\t\t\t<\/figure>\n\t\t\t\t\t\t\t<\/div>\n\t\t\t\t<\/div>\n\t\t\t\t\t<\/div>\n\t\t<\/div>\n\t\t\t\t\t<\/div>\n\t\t<\/section>\n\t\t\t\t<section class=\"elementor-section elementor-top-section elementor-element elementor-element-caa334c elementor-section-boxed elementor-section-height-default elementor-section-height-default\" data-id=\"caa334c\" data-element_type=\"section\">\n\t\t\t\t\t\t<div class=\"elementor-container elementor-column-gap-default\">\n\t\t\t\t\t<div class=\"elementor-column elementor-col-50 elementor-top-column elementor-element elementor-element-fe83dae\" data-id=\"fe83dae\" data-element_type=\"column\">\n\t\t\t<div class=\"elementor-widget-wrap elementor-element-populated\">\n\t\t\t\t\t\t<div class=\"elementor-element elementor-element-e3ffe73 elementor-widget elementor-widget-image\" data-id=\"e3ffe73\" data-element_type=\"widget\" data-widget_type=\"image.default\">\n\t\t\t\t<div class=\"elementor-widget-container\">\n\t\t\t\t\t\t\t\t\t\t\t\t\t\t<a href=\"http:\/\/shejla-design.de\/wp-content\/uploads\/2023\/08\/Saric_Shejla_EDT_junge_Theater-2-scaled.jpg\" data-elementor-open-lightbox=\"yes\" data-elementor-lightbox-title=\"Saric_Shejla_EDT_junge_Theater (2)\" data-e-action-hash=\"#elementor-action%3Aaction%3Dlightbox%26settings%3DeyJpZCI6NDY5LCJ1cmwiOiJodHRwczpcL1wvc2hlamxhLWRlc2lnbi5kZVwvd3AtY29udGVudFwvdXBsb2Fkc1wvMjAyM1wvMDhcL1NhcmljX1NoZWpsYV9FRFRfanVuZ2VfVGhlYXRlci0yLXNjYWxlZC5qcGcifQ%3D%3D\">\n\t\t\t\t\t\t\t<img decoding=\"async\" width=\"2560\" height=\"1846\" src=\"https:\/\/shejla-design.de\/wp-content\/uploads\/2023\/08\/Saric_Shejla_EDT_junge_Theater-2-scaled.jpg\" class=\"attachment-full size-full wp-image-469\" alt=\"\" srcset=\"https:\/\/shejla-design.de\/wp-content\/uploads\/2023\/08\/Saric_Shejla_EDT_junge_Theater-2-scaled.jpg 2560w, https:\/\/shejla-design.de\/wp-content\/uploads\/2023\/08\/Saric_Shejla_EDT_junge_Theater-2-300x216.jpg 300w, https:\/\/shejla-design.de\/wp-content\/uploads\/2023\/08\/Saric_Shejla_EDT_junge_Theater-2-1024x738.jpg 1024w, https:\/\/shejla-design.de\/wp-content\/uploads\/2023\/08\/Saric_Shejla_EDT_junge_Theater-2-768x554.jpg 768w, https:\/\/shejla-design.de\/wp-content\/uploads\/2023\/08\/Saric_Shejla_EDT_junge_Theater-2-1536x1108.jpg 1536w, https:\/\/shejla-design.de\/wp-content\/uploads\/2023\/08\/Saric_Shejla_EDT_junge_Theater-2-2048x1477.jpg 2048w\" sizes=\"(max-width: 2560px) 100vw, 2560px\" \/>\t\t\t\t\t\t\t\t<\/a>\n\t\t\t\t\t\t\t\t\t\t\t\t\t<\/div>\n\t\t\t\t<\/div>\n\t\t\t\t\t<\/div>\n\t\t<\/div>\n\t\t\t\t<div class=\"elementor-column elementor-col-50 elementor-top-column elementor-element elementor-element-01056a3\" data-id=\"01056a3\" data-element_type=\"column\">\n\t\t\t<div class=\"elementor-widget-wrap elementor-element-populated\">\n\t\t\t\t\t\t<div class=\"elementor-element elementor-element-364836d elementor-widget elementor-widget-image\" data-id=\"364836d\" data-element_type=\"widget\" data-widget_type=\"image.default\">\n\t\t\t\t<div class=\"elementor-widget-container\">\n\t\t\t\t\t\t\t\t\t\t<figure class=\"wp-caption\">\n\t\t\t\t\t\t\t\t\t\t\t<a href=\"http:\/\/shejla-design.de\/wp-content\/uploads\/2023\/09\/ED_Instaposts.gif\" data-elementor-open-lightbox=\"yes\" data-elementor-lightbox-title=\"Saric_Shejla_ED_Instapost\" data-e-action-hash=\"#elementor-action%3Aaction%3Dlightbox%26settings%3DeyJpZCI6MTE3MCwidXJsIjoiaHR0cHM6XC9cL3NoZWpsYS1kZXNpZ24uZGVcL3dwLWNvbnRlbnRcL3VwbG9hZHNcLzIwMjNcLzA5XC9FRF9JbnN0YXBvc3RzLmdpZiJ9\">\n\t\t\t\t\t\t\t<img decoding=\"async\" width=\"1080\" height=\"1080\" src=\"https:\/\/shejla-design.de\/wp-content\/uploads\/2023\/09\/ED_Instaposts.gif\" class=\"attachment-full size-full wp-image-1170\" alt=\"\" \/>\t\t\t\t\t\t\t\t<\/a>\n\t\t\t\t\t\t\t\t\t\t\t<figcaption class=\"widget-image-caption wp-caption-text\">Instagram Animation-Reel<\/figcaption>\n\t\t\t\t\t\t\t\t\t\t<\/figure>\n\t\t\t\t\t\t\t<\/div>\n\t\t\t\t<\/div>\n\t\t\t\t\t<\/div>\n\t\t<\/div>\n\t\t\t\t\t<\/div>\n\t\t<\/section>\n\t\t\t\t<section class=\"elementor-section elementor-top-section elementor-element elementor-element-ada4c44 elementor-section-boxed elementor-section-height-default elementor-section-height-default\" data-id=\"ada4c44\" data-element_type=\"section\">\n\t\t\t\t\t\t<div class=\"elementor-container elementor-column-gap-default\">\n\t\t\t\t\t<div class=\"elementor-column elementor-col-50 elementor-top-column elementor-element elementor-element-1df47ac\" data-id=\"1df47ac\" data-element_type=\"column\">\n\t\t\t<div class=\"elementor-widget-wrap elementor-element-populated\">\n\t\t\t\t\t\t<div class=\"elementor-element elementor-element-84edded elementor-widget elementor-widget-image\" data-id=\"84edded\" data-element_type=\"widget\" data-widget_type=\"image.default\">\n\t\t\t\t<div class=\"elementor-widget-container\">\n\t\t\t\t\t\t\t\t\t\t\t\t\t\t<a href=\"http:\/\/shejla-design.de\/wp-content\/uploads\/2023\/08\/Saric_Shejla_EDT_junge_Theater-1.png\" data-elementor-open-lightbox=\"yes\" data-elementor-lightbox-title=\"Saric_Shejla_EDT_junge_Theater (1)\" data-e-action-hash=\"#elementor-action%3Aaction%3Dlightbox%26settings%3DeyJpZCI6NDY4LCJ1cmwiOiJodHRwczpcL1wvc2hlamxhLWRlc2lnbi5kZVwvd3AtY29udGVudFwvdXBsb2Fkc1wvMjAyM1wvMDhcL1NhcmljX1NoZWpsYV9FRFRfanVuZ2VfVGhlYXRlci0xLnBuZyJ9\">\n\t\t\t\t\t\t\t<img loading=\"lazy\" decoding=\"async\" width=\"1500\" height=\"750\" src=\"https:\/\/shejla-design.de\/wp-content\/uploads\/2023\/08\/Saric_Shejla_EDT_junge_Theater-1.png\" class=\"attachment-full size-full wp-image-468\" alt=\"\" srcset=\"https:\/\/shejla-design.de\/wp-content\/uploads\/2023\/08\/Saric_Shejla_EDT_junge_Theater-1.png 1500w, https:\/\/shejla-design.de\/wp-content\/uploads\/2023\/08\/Saric_Shejla_EDT_junge_Theater-1-300x150.png 300w, https:\/\/shejla-design.de\/wp-content\/uploads\/2023\/08\/Saric_Shejla_EDT_junge_Theater-1-1024x512.png 1024w, https:\/\/shejla-design.de\/wp-content\/uploads\/2023\/08\/Saric_Shejla_EDT_junge_Theater-1-768x384.png 768w\" sizes=\"(max-width: 1500px) 100vw, 1500px\" \/>\t\t\t\t\t\t\t\t<\/a>\n\t\t\t\t\t\t\t\t\t\t\t\t\t<\/div>\n\t\t\t\t<\/div>\n\t\t\t\t\t<\/div>\n\t\t<\/div>\n\t\t\t\t<div class=\"elementor-column elementor-col-50 elementor-top-column elementor-element elementor-element-f0493aa\" data-id=\"f0493aa\" data-element_type=\"column\">\n\t\t\t<div class=\"elementor-widget-wrap elementor-element-populated\">\n\t\t\t\t\t\t<div class=\"elementor-element elementor-element-b2971a3 elementor-widget elementor-widget-image\" data-id=\"b2971a3\" data-element_type=\"widget\" data-widget_type=\"image.default\">\n\t\t\t\t<div class=\"elementor-widget-container\">\n\t\t\t\t\t\t\t\t\t\t\t\t\t\t<a href=\"http:\/\/shejla-design.de\/wp-content\/uploads\/2023\/08\/Saric_Shejla_EDT_junge_Theater-1-scaled.jpg\" data-elementor-open-lightbox=\"yes\" data-elementor-lightbox-title=\"Saric_Shejla_EDT_junge_Theater (1)\" data-e-action-hash=\"#elementor-action%3Aaction%3Dlightbox%26settings%3DeyJpZCI6NDY3LCJ1cmwiOiJodHRwczpcL1wvc2hlamxhLWRlc2lnbi5kZVwvd3AtY29udGVudFwvdXBsb2Fkc1wvMjAyM1wvMDhcL1NhcmljX1NoZWpsYV9FRFRfanVuZ2VfVGhlYXRlci0xLXNjYWxlZC5qcGcifQ%3D%3D\">\n\t\t\t\t\t\t\t<img loading=\"lazy\" decoding=\"async\" width=\"2560\" height=\"1846\" src=\"https:\/\/shejla-design.de\/wp-content\/uploads\/2023\/08\/Saric_Shejla_EDT_junge_Theater-1-scaled.jpg\" class=\"attachment-full size-full wp-image-467\" alt=\"\" srcset=\"https:\/\/shejla-design.de\/wp-content\/uploads\/2023\/08\/Saric_Shejla_EDT_junge_Theater-1-scaled.jpg 2560w, https:\/\/shejla-design.de\/wp-content\/uploads\/2023\/08\/Saric_Shejla_EDT_junge_Theater-1-300x216.jpg 300w, https:\/\/shejla-design.de\/wp-content\/uploads\/2023\/08\/Saric_Shejla_EDT_junge_Theater-1-1024x738.jpg 1024w, https:\/\/shejla-design.de\/wp-content\/uploads\/2023\/08\/Saric_Shejla_EDT_junge_Theater-1-768x554.jpg 768w, https:\/\/shejla-design.de\/wp-content\/uploads\/2023\/08\/Saric_Shejla_EDT_junge_Theater-1-1536x1108.jpg 1536w, https:\/\/shejla-design.de\/wp-content\/uploads\/2023\/08\/Saric_Shejla_EDT_junge_Theater-1-2048x1477.jpg 2048w\" sizes=\"(max-width: 2560px) 100vw, 2560px\" \/>\t\t\t\t\t\t\t\t<\/a>\n\t\t\t\t\t\t\t\t\t\t\t\t\t<\/div>\n\t\t\t\t<\/div>\n\t\t\t\t\t<\/div>\n\t\t<\/div>\n\t\t\t\t\t<\/div>\n\t\t<\/section>\n\t\t\t\t<section class=\"elementor-section elementor-top-section elementor-element elementor-element-4ee763f elementor-section-boxed elementor-section-height-default elementor-section-height-default\" data-id=\"4ee763f\" data-element_type=\"section\">\n\t\t\t\t\t\t<div class=\"elementor-container elementor-column-gap-default\">\n\t\t\t\t\t<div class=\"elementor-column elementor-col-50 elementor-top-column elementor-element elementor-element-131f9c8\" data-id=\"131f9c8\" data-element_type=\"column\">\n\t\t\t<div class=\"elementor-widget-wrap elementor-element-populated\">\n\t\t\t\t\t\t<div class=\"elementor-element elementor-element-e0a911c elementor-widget elementor-widget-image\" data-id=\"e0a911c\" data-element_type=\"widget\" data-widget_type=\"image.default\">\n\t\t\t\t<div class=\"elementor-widget-container\">\n\t\t\t\t\t\t\t\t\t\t\t\t\t\t<a href=\"http:\/\/shejla-design.de\/wp-content\/uploads\/2023\/08\/EDT-Festival-Broschuere-2.jpg\" data-elementor-open-lightbox=\"yes\" data-elementor-lightbox-title=\"EDT-Festival-Broschuere (2)\" data-e-action-hash=\"#elementor-action%3Aaction%3Dlightbox%26settings%3DeyJpZCI6NDk2LCJ1cmwiOiJodHRwczpcL1wvc2hlamxhLWRlc2lnbi5kZVwvd3AtY29udGVudFwvdXBsb2Fkc1wvMjAyM1wvMDhcL0VEVC1GZXN0aXZhbC1Ccm9zY2h1ZXJlLTIuanBnIn0%3D\">\n\t\t\t\t\t\t\t<img loading=\"lazy\" decoding=\"async\" width=\"720\" height=\"540\" src=\"https:\/\/shejla-design.de\/wp-content\/uploads\/2023\/08\/EDT-Festival-Broschuere-2.jpg\" class=\"attachment-large size-large wp-image-496\" alt=\"\" srcset=\"https:\/\/shejla-design.de\/wp-content\/uploads\/2023\/08\/EDT-Festival-Broschuere-2.jpg 720w, https:\/\/shejla-design.de\/wp-content\/uploads\/2023\/08\/EDT-Festival-Broschuere-2-300x225.jpg 300w\" sizes=\"(max-width: 720px) 100vw, 720px\" \/>\t\t\t\t\t\t\t\t<\/a>\n\t\t\t\t\t\t\t\t\t\t\t\t\t<\/div>\n\t\t\t\t<\/div>\n\t\t\t\t\t<\/div>\n\t\t<\/div>\n\t\t\t\t<div class=\"elementor-column elementor-col-50 elementor-top-column elementor-element elementor-element-367b4ad\" data-id=\"367b4ad\" data-element_type=\"column\">\n\t\t\t<div class=\"elementor-widget-wrap elementor-element-populated\">\n\t\t\t\t\t\t<div class=\"elementor-element elementor-element-2ef92dc elementor-widget elementor-widget-image\" data-id=\"2ef92dc\" data-element_type=\"widget\" data-widget_type=\"image.default\">\n\t\t\t\t<div class=\"elementor-widget-container\">\n\t\t\t\t\t\t\t\t\t\t\t\t\t\t<a href=\"http:\/\/shejla-design.de\/wp-content\/uploads\/2023\/08\/EDT-Festival-Broschuere-1.jpg\" data-elementor-open-lightbox=\"yes\" data-elementor-lightbox-title=\"EDT-Festival-Broschuere (1)\" data-e-action-hash=\"#elementor-action%3Aaction%3Dlightbox%26settings%3DeyJpZCI6NDk1LCJ1cmwiOiJodHRwczpcL1wvc2hlamxhLWRlc2lnbi5kZVwvd3AtY29udGVudFwvdXBsb2Fkc1wvMjAyM1wvMDhcL0VEVC1GZXN0aXZhbC1Ccm9zY2h1ZXJlLTEuanBnIn0%3D\">\n\t\t\t\t\t\t\t<img loading=\"lazy\" decoding=\"async\" width=\"720\" height=\"540\" src=\"https:\/\/shejla-design.de\/wp-content\/uploads\/2023\/08\/EDT-Festival-Broschuere-1.jpg\" class=\"attachment-large size-large wp-image-495\" alt=\"\" srcset=\"https:\/\/shejla-design.de\/wp-content\/uploads\/2023\/08\/EDT-Festival-Broschuere-1.jpg 720w, https:\/\/shejla-design.de\/wp-content\/uploads\/2023\/08\/EDT-Festival-Broschuere-1-300x225.jpg 300w\" sizes=\"(max-width: 720px) 100vw, 720px\" \/>\t\t\t\t\t\t\t\t<\/a>\n\t\t\t\t\t\t\t\t\t\t\t\t\t<\/div>\n\t\t\t\t<\/div>\n\t\t\t\t\t<\/div>\n\t\t<\/div>\n\t\t\t\t\t<\/div>\n\t\t<\/section>\n\t\t\t\t<\/div>\n\t\t","protected":false},"excerpt":{"rendered":"<p>Das junge Theater &#038; Festival In einer gro\u00dfen Gruppenarbeit wurde vieles f\u00fcr das Ernst Deutsch Theater entwickelt. F\u00fcr das junge Theater, jedoch habe ich in einem drei Personen-Team (Melina Tiedemann, Annabell Puls und ich) kreativ getextet und die Plakatserie gestaltet. Die Animation-Reel habe ich auf After Effects animiert. Motivationskampagne f\u00fcr junge Menschen die gerne Theater [&hellip;]<\/p>\n","protected":false},"author":1,"featured_media":0,"parent":0,"menu_order":0,"comment_status":"closed","ping_status":"closed","template":"","meta":{"footnotes":""},"class_list":["post-736","page","type-page","status-publish","hentry"],"_links":{"self":[{"href":"https:\/\/shejla-design.de\/index.php?rest_route=\/wp\/v2\/pages\/736","targetHints":{"allow":["GET"]}}],"collection":[{"href":"https:\/\/shejla-design.de\/index.php?rest_route=\/wp\/v2\/pages"}],"about":[{"href":"https:\/\/shejla-design.de\/index.php?rest_route=\/wp\/v2\/types\/page"}],"author":[{"embeddable":true,"href":"https:\/\/shejla-design.de\/index.php?rest_route=\/wp\/v2\/users\/1"}],"replies":[{"embeddable":true,"href":"https:\/\/shejla-design.de\/index.php?rest_route=%2Fwp%2Fv2%2Fcomments&post=736"}],"version-history":[{"count":67,"href":"https:\/\/shejla-design.de\/index.php?rest_route=\/wp\/v2\/pages\/736\/revisions"}],"predecessor-version":[{"id":1173,"href":"https:\/\/shejla-design.de\/index.php?rest_route=\/wp\/v2\/pages\/736\/revisions\/1173"}],"wp:attachment":[{"href":"https:\/\/shejla-design.de\/index.php?rest_route=%2Fwp%2Fv2%2Fmedia&parent=736"}],"curies":[{"name":"wp","href":"https:\/\/api.w.org\/{rel}","templated":true}]}}